{"id":372,"date":"2021-08-27T11:59:19","date_gmt":"2021-08-27T11:59:19","guid":{"rendered":"http:\/\/dummy.xtemos.com\/woodmart2\/elementor\/?post_type=product&#038;p=372"},"modified":"2023-01-16T21:23:28","modified_gmt":"2023-01-16T21:23:28","slug":"augue-adipiscing-euismod","status":"publish","type":"product","link":"https:\/\/nanasol.ch\/index.php\/produkt\/augue-adipiscing-euismod\/","title":{"rendered":"Baghera Kinder-Twister"},"content":{"rendered":"<p>Entdecken Sie die Baghera Kinder-Twister im liebevollen Vintage-Design. Dieser Tr\u00e4ger ist mit kleinen Richtungsr\u00e4dern ausgestattet. Ihr Kind wird sich schnell an sein neues Gestell gew\u00f6hnen und die R\u00e4der helfen ihm, stabil zu bleiben und sich leise im Haus zu bewegen. Mit seiner Karosserie und seinem Zubeh\u00f6r kann sich Ihr Kind in die Lage eines echten Piloten versetzen und sich tolle Geschichten ausdenken.Mit diesem Baghera Twister finden sich Kinder schnell zurecht und k\u00f6nnen sich m\u00fchelos fortbewegen. Ihr Kind wird instinktiv verstehen, wie es sich vorw\u00e4rts bewegt und dreht. Sobald er aufsteht, kann er den Twister sicher benutzen.<\/p>\n<p>&nbsp;<\/p>\n<p><a>\u00a0<\/a><br \/>\n<a><br \/>\n<\/a><\/p>\n","protected":false},"excerpt":{"rendered":"<p>Entdecken Sie die Baghera Kinder-Twister im liebevollen Vintage-Design. Dieser Tr\u00e4ger ist mit kleinen Richtungsr\u00e4dern ausgestattet. Ihr Kind wird sich schnell an sein neues Gestell gew\u00f6hnen und die R\u00e4der helfen ihm, stabil zu bleiben und sich leise im Haus zu bewegen.Entdecken Sie die Baghera Kinder-Twister im liebevollen Vintage-Design. Dieser Tr\u00e4ger ist mit kleinen Richtungsr\u00e4dern ausgestattet. Ihr Kind wird sich schnell an sein neues Gestell gew\u00f6hnen und die R\u00e4der helfen ihm, stabil zu bleiben und sich leise im Haus zu bewegen. Mit seiner Karosserie und seinem Zubeh\u00f6r kann sich Ihr Kind in die Lage eines echten Piloten versetzen und sich tolle Geschichten ausdenken.Mit diesem Baghera Twister finden sich Kinder schnell zurecht und k\u00f6nnen sich m\u00fchelos fortbewegen. Ihr Kind wird instinktiv verstehen, wie es sich vorw\u00e4rts bewegt und dreht. Sobald er aufsteht, kann er den Twister sicher benutzen.<\/p>\n","protected":false},"featured_media":8646,"comment_status":"open","ping_status":"closed","template":"","meta":[],"product_cat":[53],"product_tag":[],"class_list":["post-372","product","type-product","status-publish","has-post-thumbnail","hentry","product_cat-spielzeug","pa_brand-baghera"],"yoast_head":"<!-- This site is optimized with the Yoast SEO plugin v20.6 - https:\/\/yoast.com\/wordpress\/plugins\/seo\/ -->\n<title>Baghera Kinder-Twister - Der Baby Shop in der Schweiz<\/title>\n<meta name=\"robots\" content=\"index, follow, max-snippet:-1, max-image-preview:large, max-video-preview:-1\" \/>\n<link rel=\"canonical\" href=\"https:\/\/nanasol.ch\/index.php\/produkt\/augue-adipiscing-euismod\/\" \/>\n<meta property=\"og:locale\" content=\"de_DE\" \/>\n<meta property=\"og:type\" content=\"article\" \/>\n<meta property=\"og:title\" content=\"Baghera Kinder-Twister - Der Baby Shop in der Schweiz\" \/>\n<meta property=\"og:description\" content=\"Entdecken Sie die Baghera Kinder-Twister im liebevollen Vintage-Design. Dieser Tr\u00e4ger ist mit kleinen Richtungsr\u00e4dern ausgestattet. Ihr Kind wird sich schnell an sein neues Gestell gew\u00f6hnen und die R\u00e4der helfen ihm, stabil zu bleiben und sich leise im Haus zu bewegen.Entdecken Sie die Baghera Kinder-Twister im liebevollen Vintage-Design. Dieser Tr\u00e4ger ist mit kleinen Richtungsr\u00e4dern ausgestattet. Ihr Kind wird sich schnell an sein neues Gestell gew\u00f6hnen und die R\u00e4der helfen ihm, stabil zu bleiben und sich leise im Haus zu bewegen. Mit seiner Karosserie und seinem Zubeh\u00f6r kann sich Ihr Kind in die Lage eines echten Piloten versetzen und sich tolle Geschichten ausdenken.Mit diesem Baghera Twister finden sich Kinder schnell zurecht und k\u00f6nnen sich m\u00fchelos fortbewegen. Ihr Kind wird instinktiv verstehen, wie es sich vorw\u00e4rts bewegt und dreht. Sobald er aufsteht, kann er den Twister sicher benutzen.\" \/>\n<meta property=\"og:url\" content=\"https:\/\/nanasol.ch\/index.php\/produkt\/augue-adipiscing-euismod\/\" \/>\n<meta property=\"og:site_name\" content=\"Der Baby Shop in der Schweiz\" \/>\n<meta property=\"article:modified_time\" content=\"2023-01-16T21:23:28+00:00\" \/>\n<meta property=\"og:image\" content=\"https:\/\/nanasol.ch\/wp-content\/uploads\/2021\/08\/twister-bleu3.jpg\" \/>\n\t<meta property=\"og:image:width\" content=\"940\" \/>\n\t<meta property=\"og:image:height\" content=\"940\" \/>\n\t<meta property=\"og:image:type\" content=\"image\/jpeg\" \/>\n<meta name=\"twitter:card\" content=\"summary_large_image\" \/>\n<meta name=\"twitter:label1\" content=\"Preis\" \/>\n\t<meta name=\"twitter:data1\" content=\"&#67;&#72;&#70;&nbsp;79.00\" \/>\n\t<meta name=\"twitter:label2\" content=\"Availability\" \/>\n\t<meta name=\"twitter:data2\" content=\"In stock\" \/>\n<script type=\"application\/ld+json\" class=\"yoast-schema-graph\">{\"@context\":\"https:\/\/schema.org\",\"@graph\":[{\"@type\":\"WebPage\",\"@id\":\"https:\/\/nanasol.ch\/index.php\/produkt\/augue-adipiscing-euismod\/\",\"url\":\"https:\/\/nanasol.ch\/index.php\/produkt\/augue-adipiscing-euismod\/\",\"name\":\"Baghera Kinder-Twister - Der Baby Shop in der Schweiz\",\"isPartOf\":{\"@id\":\"https:\/\/nanasol.ch\/#website\"},\"datePublished\":\"2021-08-27T11:59:19+00:00\",\"dateModified\":\"2023-01-16T21:23:28+00:00\",\"breadcrumb\":{\"@id\":\"https:\/\/nanasol.ch\/index.php\/produkt\/augue-adipiscing-euismod\/#breadcrumb\"},\"inLanguage\":\"de\",\"potentialAction\":[{\"@type\":\"ReadAction\",\"target\":[\"https:\/\/nanasol.ch\/index.php\/produkt\/augue-adipiscing-euismod\/\"]}]},{\"@type\":\"BreadcrumbList\",\"@id\":\"https:\/\/nanasol.ch\/index.php\/produkt\/augue-adipiscing-euismod\/#breadcrumb\",\"itemListElement\":[{\"@type\":\"ListItem\",\"position\":1,\"name\":\"Startseite\",\"item\":\"https:\/\/nanasol.ch\/\"},{\"@type\":\"ListItem\",\"position\":2,\"name\":\"Shop\",\"item\":\"https:\/\/nanasol.ch\/index.php\/shop\/\"},{\"@type\":\"ListItem\",\"position\":3,\"name\":\"Baghera Kinder-Twister\"}]},{\"@type\":\"WebSite\",\"@id\":\"https:\/\/nanasol.ch\/#website\",\"url\":\"https:\/\/nanasol.ch\/\",\"name\":\"Der Baby Shop in der Schweiz\",\"description\":\"Kinder &amp; Baby Produkte\",\"publisher\":{\"@id\":\"https:\/\/nanasol.ch\/#organization\"},\"potentialAction\":[{\"@type\":\"SearchAction\",\"target\":{\"@type\":\"EntryPoint\",\"urlTemplate\":\"https:\/\/nanasol.ch\/?s={search_term_string}\"},\"query-input\":\"required name=search_term_string\"}],\"inLanguage\":\"de\"},{\"@type\":\"Organization\",\"@id\":\"https:\/\/nanasol.ch\/#organization\",\"name\":\"Der Baby Shop in der Schweiz\",\"url\":\"https:\/\/nanasol.ch\/\",\"logo\":{\"@type\":\"ImageObject\",\"inLanguage\":\"de\",\"@id\":\"https:\/\/nanasol.ch\/#\/schema\/logo\/image\/\",\"url\":\"https:\/\/nanasol.ch\/wp-content\/uploads\/2023\/01\/Logo-Nanasol-Gelb.png\",\"contentUrl\":\"https:\/\/nanasol.ch\/wp-content\/uploads\/2023\/01\/Logo-Nanasol-Gelb.png\",\"width\":3579,\"height\":1085,\"caption\":\"Der Baby Shop in der Schweiz\"},\"image\":{\"@id\":\"https:\/\/nanasol.ch\/#\/schema\/logo\/image\/\"}}]}<\/script>\n<!-- \/ Yoast SEO plugin. -->","yoast_head_json":{"title":"Baghera Kinder-Twister - Der Baby Shop in der Schweiz","robots":{"index":"index","follow":"follow","max-snippet":"max-snippet:-1","max-image-preview":"max-image-preview:large","max-video-preview":"max-video-preview:-1"},"canonical":"https:\/\/nanasol.ch\/index.php\/produkt\/augue-adipiscing-euismod\/","og_locale":"de_DE","og_type":"article","og_title":"Baghera Kinder-Twister - Der Baby Shop in der Schweiz","og_description":"Entdecken Sie die Baghera Kinder-Twister im liebevollen Vintage-Design. Dieser Tr\u00e4ger ist mit kleinen Richtungsr\u00e4dern ausgestattet. Ihr Kind wird sich schnell an sein neues Gestell gew\u00f6hnen und die R\u00e4der helfen ihm, stabil zu bleiben und sich leise im Haus zu bewegen.Entdecken Sie die Baghera Kinder-Twister im liebevollen Vintage-Design. Dieser Tr\u00e4ger ist mit kleinen Richtungsr\u00e4dern ausgestattet. Ihr Kind wird sich schnell an sein neues Gestell gew\u00f6hnen und die R\u00e4der helfen ihm, stabil zu bleiben und sich leise im Haus zu bewegen. Mit seiner Karosserie und seinem Zubeh\u00f6r kann sich Ihr Kind in die Lage eines echten Piloten versetzen und sich tolle Geschichten ausdenken.Mit diesem Baghera Twister finden sich Kinder schnell zurecht und k\u00f6nnen sich m\u00fchelos fortbewegen. Ihr Kind wird instinktiv verstehen, wie es sich vorw\u00e4rts bewegt und dreht. Sobald er aufsteht, kann er den Twister sicher benutzen.","og_url":"https:\/\/nanasol.ch\/index.php\/produkt\/augue-adipiscing-euismod\/","og_site_name":"Der Baby Shop in der Schweiz","article_modified_time":"2023-01-16T21:23:28+00:00","og_image":[{"width":940,"height":940,"url":"https:\/\/nanasol.ch\/wp-content\/uploads\/2021\/08\/twister-bleu3.jpg","type":"image\/jpeg"}],"twitter_card":"summary_large_image","twitter_misc":{"Preis":"&#67;&#72;&#70;&nbsp;79.00","Availability":"In stock"},"schema":{"@context":"https:\/\/schema.org","@graph":[{"@type":"WebPage","@id":"https:\/\/nanasol.ch\/index.php\/produkt\/augue-adipiscing-euismod\/","url":"https:\/\/nanasol.ch\/index.php\/produkt\/augue-adipiscing-euismod\/","name":"Baghera Kinder-Twister - Der Baby Shop in der Schweiz","isPartOf":{"@id":"https:\/\/nanasol.ch\/#website"},"datePublished":"2021-08-27T11:59:19+00:00","dateModified":"2023-01-16T21:23:28+00:00","breadcrumb":{"@id":"https:\/\/nanasol.ch\/index.php\/produkt\/augue-adipiscing-euismod\/#breadcrumb"},"inLanguage":"de","potentialAction":[{"@type":"ReadAction","target":["https:\/\/nanasol.ch\/index.php\/produkt\/augue-adipiscing-euismod\/"]}]},{"@type":"BreadcrumbList","@id":"https:\/\/nanasol.ch\/index.php\/produkt\/augue-adipiscing-euismod\/#breadcrumb","itemListElement":[{"@type":"ListItem","position":1,"name":"Startseite","item":"https:\/\/nanasol.ch\/"},{"@type":"ListItem","position":2,"name":"Shop","item":"https:\/\/nanasol.ch\/index.php\/shop\/"},{"@type":"ListItem","position":3,"name":"Baghera Kinder-Twister"}]},{"@type":"WebSite","@id":"https:\/\/nanasol.ch\/#website","url":"https:\/\/nanasol.ch\/","name":"Der Baby Shop in der Schweiz","description":"Kinder &amp; Baby Produkte","publisher":{"@id":"https:\/\/nanasol.ch\/#organization"},"potentialAction":[{"@type":"SearchAction","target":{"@type":"EntryPoint","urlTemplate":"https:\/\/nanasol.ch\/?s={search_term_string}"},"query-input":"required name=search_term_string"}],"inLanguage":"de"},{"@type":"Organization","@id":"https:\/\/nanasol.ch\/#organization","name":"Der Baby Shop in der Schweiz","url":"https:\/\/nanasol.ch\/","logo":{"@type":"ImageObject","inLanguage":"de","@id":"https:\/\/nanasol.ch\/#\/schema\/logo\/image\/","url":"https:\/\/nanasol.ch\/wp-content\/uploads\/2023\/01\/Logo-Nanasol-Gelb.png","contentUrl":"https:\/\/nanasol.ch\/wp-content\/uploads\/2023\/01\/Logo-Nanasol-Gelb.png","width":3579,"height":1085,"caption":"Der Baby Shop in der Schweiz"},"image":{"@id":"https:\/\/nanasol.ch\/#\/schema\/logo\/image\/"}}]}},"_links":{"self":[{"href":"https:\/\/nanasol.ch\/index.php\/wp-json\/wp\/v3\/product\/372","targetHints":{"allow":["GET"]}}],"collection":[{"href":"https:\/\/nanasol.ch\/index.php\/wp-json\/wp\/v3\/product"}],"about":[{"href":"https:\/\/nanasol.ch\/index.php\/wp-json\/wp\/v2\/types\/product"}],"replies":[{"embeddable":true,"href":"https:\/\/nanasol.ch\/index.php\/wp-json\/wp\/v2\/comments?post=372"}],"version-history":[{"count":4,"href":"https:\/\/nanasol.ch\/index.php\/wp-json\/wp\/v3\/product\/372\/revisions"}],"predecessor-version":[{"id":8649,"href":"https:\/\/nanasol.ch\/index.php\/wp-json\/wp\/v3\/product\/372\/revisions\/8649"}],"wp:featuredmedia":[{"embeddable":true,"href":"https:\/\/nanasol.ch\/index.php\/wp-json\/wp\/v2\/media\/8646"}],"wp:attachment":[{"href":"https:\/\/nanasol.ch\/index.php\/wp-json\/wp\/v2\/media?parent=372"}],"wp:term":[{"taxonomy":"product_cat","embeddable":true,"href":"https:\/\/nanasol.ch\/index.php\/wp-json\/wp\/v2\/product_cat?post=372"},{"taxonomy":"product_tag","embeddable":true,"href":"https:\/\/nanasol.ch\/index.php\/wp-json\/wp\/v2\/product_tag?post=372"}],"curies":[{"name":"wp","href":"https:\/\/api.w.org\/{rel}","templated":true}]}}