{"id":8773,"date":"2023-03-03T01:45:54","date_gmt":"2023-03-03T01:45:54","guid":{"rendered":"https:\/\/nanasol.ch\/?post_type=product&#038;p=8773"},"modified":"2024-12-19T12:44:36","modified_gmt":"2024-12-19T12:44:36","slug":"kaffeemaschine-fuer-kinder","status":"publish","type":"product","link":"https:\/\/nanasol.ch\/index.php\/produkt\/kaffeemaschine-fuer-kinder\/","title":{"rendered":"Kaffeemaschine f\u00fcr Kinder"},"content":{"rendered":"<ul>\n<li>Ma\u00dfe ca.: 29 x 21 cm<\/li>\n<li>Art: Spielzeug-Set<\/li>\n<li>Enthalten: Zubeh\u00f6r<\/li>\n<li>Funktionen:\n<ul>\n<li>Licht<\/li>\n<li>Sound<\/li>\n<li>Bewegungsmelder<\/li>\n<\/ul>\n<\/li>\n<li>Empfohlenes Alter: + 3 jahre<\/li>\n<\/ul>\n","protected":false},"excerpt":{"rendered":"<ul>\n<li>Ma\u00dfe ca.: 29 x 21 cm<\/li>\n<li>Art: Spielzeug-Set<\/li>\n<li>Enthalten: Zubeh\u00f6r<\/li>\n<li>Funktionen:\n<ul>\n<li>Licht<\/li>\n<li>Sound<\/li>\n<li>Bewegungsmelder<\/li>\n<\/ul>\n<\/li>\n<li>Empfohlenes Alter: + 3 jahre<\/li>\n<\/ul>\n","protected":false},"featured_media":8775,"comment_status":"open","ping_status":"closed","template":"","meta":[],"product_cat":[53],"product_tag":[],"class_list":["post-8773","product","type-product","status-publish","has-post-thumbnail","hentry","product_cat-spielzeug"],"yoast_head":"<!-- This site is optimized with the Yoast SEO plugin v20.6 - https:\/\/yoast.com\/wordpress\/plugins\/seo\/ -->\n<title>Kaffeemaschine f\u00fcr Kinder - Der Baby Shop in der Schweiz<\/title>\n<meta name=\"robots\" content=\"index, follow, max-snippet:-1, max-image-preview:large, max-video-preview:-1\" \/>\n<link rel=\"canonical\" href=\"https:\/\/nanasol.ch\/index.php\/produkt\/kaffeemaschine-fuer-kinder\/\" \/>\n<meta property=\"og:locale\" content=\"de_DE\" \/>\n<meta property=\"og:type\" content=\"article\" \/>\n<meta property=\"og:title\" content=\"Kaffeemaschine f\u00fcr Kinder - Der Baby Shop in der Schweiz\" \/>\n<meta property=\"og:description\" content=\"Ma\u00dfe ca.: 29 x 21 cm  Art: Spielzeug-Set  Enthalten: Zubeh\u00f6r  Funktionen:   Licht  Sound  Bewegungsmelder    Empfohlenes Alter: + 3 jahre\" \/>\n<meta property=\"og:url\" content=\"https:\/\/nanasol.ch\/index.php\/produkt\/kaffeemaschine-fuer-kinder\/\" \/>\n<meta property=\"og:site_name\" content=\"Der Baby Shop in der Schweiz\" \/>\n<meta property=\"article:modified_time\" content=\"2024-12-19T12:44:36+00:00\" \/>\n<meta property=\"og:image\" content=\"https:\/\/nanasol.ch\/wp-content\/uploads\/2023\/03\/kaffeemaschine-coffee-machine-29-x-21-cm_43694255.jpg\" \/>\n\t<meta property=\"og:image:width\" content=\"600\" \/>\n\t<meta property=\"og:image:height\" content=\"600\" \/>\n\t<meta property=\"og:image:type\" content=\"image\/jpeg\" \/>\n<meta name=\"twitter:card\" content=\"summary_large_image\" \/>\n<meta name=\"twitter:label1\" content=\"Preis\" \/>\n\t<meta name=\"twitter:data1\" content=\"&#67;&#72;&#70;&nbsp;39.90\" \/>\n\t<meta name=\"twitter:label2\" content=\"Availability\" \/>\n\t<meta name=\"twitter:data2\" content=\"In stock\" \/>\n<script type=\"application\/ld+json\" class=\"yoast-schema-graph\">{\"@context\":\"https:\/\/schema.org\",\"@graph\":[{\"@type\":\"WebPage\",\"@id\":\"https:\/\/nanasol.ch\/index.php\/produkt\/kaffeemaschine-fuer-kinder\/\",\"url\":\"https:\/\/nanasol.ch\/index.php\/produkt\/kaffeemaschine-fuer-kinder\/\",\"name\":\"Kaffeemaschine f\u00fcr Kinder - Der Baby Shop in der Schweiz\",\"isPartOf\":{\"@id\":\"https:\/\/nanasol.ch\/#website\"},\"datePublished\":\"2023-03-03T01:45:54+00:00\",\"dateModified\":\"2024-12-19T12:44:36+00:00\",\"breadcrumb\":{\"@id\":\"https:\/\/nanasol.ch\/index.php\/produkt\/kaffeemaschine-fuer-kinder\/#breadcrumb\"},\"inLanguage\":\"de\",\"potentialAction\":[{\"@type\":\"ReadAction\",\"target\":[\"https:\/\/nanasol.ch\/index.php\/produkt\/kaffeemaschine-fuer-kinder\/\"]}]},{\"@type\":\"BreadcrumbList\",\"@id\":\"https:\/\/nanasol.ch\/index.php\/produkt\/kaffeemaschine-fuer-kinder\/#breadcrumb\",\"itemListElement\":[{\"@type\":\"ListItem\",\"position\":1,\"name\":\"Startseite\",\"item\":\"https:\/\/nanasol.ch\/\"},{\"@type\":\"ListItem\",\"position\":2,\"name\":\"Shop\",\"item\":\"https:\/\/nanasol.ch\/index.php\/shop\/\"},{\"@type\":\"ListItem\",\"position\":3,\"name\":\"Kaffeemaschine f\u00fcr Kinder\"}]},{\"@type\":\"WebSite\",\"@id\":\"https:\/\/nanasol.ch\/#website\",\"url\":\"https:\/\/nanasol.ch\/\",\"name\":\"Der Baby Shop in der Schweiz\",\"description\":\"Kinder &amp; Baby Produkte\",\"publisher\":{\"@id\":\"https:\/\/nanasol.ch\/#organization\"},\"potentialAction\":[{\"@type\":\"SearchAction\",\"target\":{\"@type\":\"EntryPoint\",\"urlTemplate\":\"https:\/\/nanasol.ch\/?s={search_term_string}\"},\"query-input\":\"required name=search_term_string\"}],\"inLanguage\":\"de\"},{\"@type\":\"Organization\",\"@id\":\"https:\/\/nanasol.ch\/#organization\",\"name\":\"Der Baby Shop in der Schweiz\",\"url\":\"https:\/\/nanasol.ch\/\",\"logo\":{\"@type\":\"ImageObject\",\"inLanguage\":\"de\",\"@id\":\"https:\/\/nanasol.ch\/#\/schema\/logo\/image\/\",\"url\":\"https:\/\/nanasol.ch\/wp-content\/uploads\/2023\/01\/Logo-Nanasol-Gelb.png\",\"contentUrl\":\"https:\/\/nanasol.ch\/wp-content\/uploads\/2023\/01\/Logo-Nanasol-Gelb.png\",\"width\":3579,\"height\":1085,\"caption\":\"Der Baby Shop in der Schweiz\"},\"image\":{\"@id\":\"https:\/\/nanasol.ch\/#\/schema\/logo\/image\/\"}}]}<\/script>\n<!-- \/ Yoast SEO plugin. -->","yoast_head_json":{"title":"Kaffeemaschine f\u00fcr Kinder - Der Baby Shop in der Schweiz","robots":{"index":"index","follow":"follow","max-snippet":"max-snippet:-1","max-image-preview":"max-image-preview:large","max-video-preview":"max-video-preview:-1"},"canonical":"https:\/\/nanasol.ch\/index.php\/produkt\/kaffeemaschine-fuer-kinder\/","og_locale":"de_DE","og_type":"article","og_title":"Kaffeemaschine f\u00fcr Kinder - Der Baby Shop in der Schweiz","og_description":"Ma\u00dfe ca.: 29 x 21 cm  Art: Spielzeug-Set  Enthalten: Zubeh\u00f6r  Funktionen:   Licht  Sound  Bewegungsmelder    Empfohlenes Alter: + 3 jahre","og_url":"https:\/\/nanasol.ch\/index.php\/produkt\/kaffeemaschine-fuer-kinder\/","og_site_name":"Der Baby Shop in der Schweiz","article_modified_time":"2024-12-19T12:44:36+00:00","og_image":[{"width":600,"height":600,"url":"https:\/\/nanasol.ch\/wp-content\/uploads\/2023\/03\/kaffeemaschine-coffee-machine-29-x-21-cm_43694255.jpg","type":"image\/jpeg"}],"twitter_card":"summary_large_image","twitter_misc":{"Preis":"&#67;&#72;&#70;&nbsp;39.90","Availability":"In stock"},"schema":{"@context":"https:\/\/schema.org","@graph":[{"@type":"WebPage","@id":"https:\/\/nanasol.ch\/index.php\/produkt\/kaffeemaschine-fuer-kinder\/","url":"https:\/\/nanasol.ch\/index.php\/produkt\/kaffeemaschine-fuer-kinder\/","name":"Kaffeemaschine f\u00fcr Kinder - Der Baby Shop in der Schweiz","isPartOf":{"@id":"https:\/\/nanasol.ch\/#website"},"datePublished":"2023-03-03T01:45:54+00:00","dateModified":"2024-12-19T12:44:36+00:00","breadcrumb":{"@id":"https:\/\/nanasol.ch\/index.php\/produkt\/kaffeemaschine-fuer-kinder\/#breadcrumb"},"inLanguage":"de","potentialAction":[{"@type":"ReadAction","target":["https:\/\/nanasol.ch\/index.php\/produkt\/kaffeemaschine-fuer-kinder\/"]}]},{"@type":"BreadcrumbList","@id":"https:\/\/nanasol.ch\/index.php\/produkt\/kaffeemaschine-fuer-kinder\/#breadcrumb","itemListElement":[{"@type":"ListItem","position":1,"name":"Startseite","item":"https:\/\/nanasol.ch\/"},{"@type":"ListItem","position":2,"name":"Shop","item":"https:\/\/nanasol.ch\/index.php\/shop\/"},{"@type":"ListItem","position":3,"name":"Kaffeemaschine f\u00fcr Kinder"}]},{"@type":"WebSite","@id":"https:\/\/nanasol.ch\/#website","url":"https:\/\/nanasol.ch\/","name":"Der Baby Shop in der Schweiz","description":"Kinder &amp; Baby Produkte","publisher":{"@id":"https:\/\/nanasol.ch\/#organization"},"potentialAction":[{"@type":"SearchAction","target":{"@type":"EntryPoint","urlTemplate":"https:\/\/nanasol.ch\/?s={search_term_string}"},"query-input":"required name=search_term_string"}],"inLanguage":"de"},{"@type":"Organization","@id":"https:\/\/nanasol.ch\/#organization","name":"Der Baby Shop in der Schweiz","url":"https:\/\/nanasol.ch\/","logo":{"@type":"ImageObject","inLanguage":"de","@id":"https:\/\/nanasol.ch\/#\/schema\/logo\/image\/","url":"https:\/\/nanasol.ch\/wp-content\/uploads\/2023\/01\/Logo-Nanasol-Gelb.png","contentUrl":"https:\/\/nanasol.ch\/wp-content\/uploads\/2023\/01\/Logo-Nanasol-Gelb.png","width":3579,"height":1085,"caption":"Der Baby Shop in der Schweiz"},"image":{"@id":"https:\/\/nanasol.ch\/#\/schema\/logo\/image\/"}}]}},"_links":{"self":[{"href":"https:\/\/nanasol.ch\/index.php\/wp-json\/wp\/v3\/product\/8773","targetHints":{"allow":["GET"]}}],"collection":[{"href":"https:\/\/nanasol.ch\/index.php\/wp-json\/wp\/v3\/product"}],"about":[{"href":"https:\/\/nanasol.ch\/index.php\/wp-json\/wp\/v2\/types\/product"}],"replies":[{"embeddable":true,"href":"https:\/\/nanasol.ch\/index.php\/wp-json\/wp\/v2\/comments?post=8773"}],"version-history":[{"count":2,"href":"https:\/\/nanasol.ch\/index.php\/wp-json\/wp\/v3\/product\/8773\/revisions"}],"predecessor-version":[{"id":8778,"href":"https:\/\/nanasol.ch\/index.php\/wp-json\/wp\/v3\/product\/8773\/revisions\/8778"}],"wp:featuredmedia":[{"embeddable":true,"href":"https:\/\/nanasol.ch\/index.php\/wp-json\/wp\/v2\/media\/8775"}],"wp:attachment":[{"href":"https:\/\/nanasol.ch\/index.php\/wp-json\/wp\/v2\/media?parent=8773"}],"wp:term":[{"taxonomy":"product_cat","embeddable":true,"href":"https:\/\/nanasol.ch\/index.php\/wp-json\/wp\/v2\/product_cat?post=8773"},{"taxonomy":"product_tag","embeddable":true,"href":"https:\/\/nanasol.ch\/index.php\/wp-json\/wp\/v2\/product_tag?post=8773"}],"curies":[{"name":"wp","href":"https:\/\/api.w.org\/{rel}","templated":true}]}}